{"id":25407,"date":"2020-09-16T05:09:49","date_gmt":"2020-09-16T05:09:49","guid":{"rendered":"http:\/\/catorceplus.com\/?page_id=25407"},"modified":"2022-09-27T15:58:50","modified_gmt":"2022-09-27T15:58:50","slug":"home","status":"publish","type":"page","link":"https:\/\/catorceplus.com\/","title":{"rendered":"Home"},"content":{"rendered":"\n<div class=\"wp-block-uagb-container uagb-block-4e7729b6 alignfull uagb-is-root-container\"><div class=\"uagb-container-inner-blocks-wrap\">\n<div class=\"wp-block-uagb-info-box uagb-block-7bb907a1 uagb-infobox__content-wrap  uagb-infobox-icon-above-title uagb-infobox-image-valign-top\"><div class=\"uagb-ifb-content\"><div class=\"uagb-ifb-title-wrap\"><h1 class=\"uagb-ifb-title\">\u00a1Gracias por confiar en nosotros!<\/h1><\/div><p class=\"uagb-ifb-desc\">En <strong>CatorcePlus<\/strong> lo m\u00e1s importante son nuestras&nbsp;emprendedoras y&nbsp;clientes.<br>Gracias por por confiar en nosotros.<\/p><div class=\"uagb-ifb-button-wrapper wp-block-button\"><a href=\"#\" class=\"uagb-infobox-cta-link wp-block-button__link\" target=\"_self\" rel=\"noopener noreferrer\" alt=\"\"><span class=\"uagb-inline-editing\">\u00a1Quiero saber m\u00e1s!<\/span><\/a><\/div><\/div><\/div>\n<\/div><\/div>\n\n\n\n<div class=\"wp-block-uagb-container uagb-block-d7a975f7 alignfull uagb-is-root-container\"><div class=\"uagb-container-inner-blocks-wrap\">\n<div class=\"wp-block-uagb-container uagb-block-eeff3fa3\">\n<div class=\"wp-block-uagb-container uagb-block-17701317\">\n<div class=\"wp-block-uagb-info-box uagb-block-ecab7a62 uagb-infobox__content-wrap  uagb-infobox-icon-above-title uagb-infobox-image-valign-top\"><div class=\"uagb-ifb-content\"><div class=\"uagb-ifb-image-content\"><img decoding=\"async\" src=\"https:\/\/catorceplus.com\/wp-content\/uploads\/2022\/09\/ServsFinancieros-300x200.jpg\" alt=\"\"\/><\/div><div class=\"uagb-ifb-title-wrap\"><h3 class=\"uagb-ifb-title\"> Desarrollo de tecnolog\u00eda <\/h3><\/div><p class=\"uagb-ifb-desc\"> Buscamos estar a la vanguardia con herramientas tecnol\u00f3gicas que aporten a nuestras emprendedoras. <\/p><\/div><\/div>\n<\/div>\n\n\n\n<div class=\"wp-block-uagb-container uagb-block-57d56be2\">\n<div class=\"wp-block-uagb-info-box uagb-block-a0e7d137 uagb-infobox__content-wrap  uagb-infobox-icon-above-title uagb-infobox-image-valign-top\"><div class=\"uagb-ifb-content\"><div class=\"uagb-ifb-image-content\"><img decoding=\"async\" src=\"https:\/\/catorceplus.com\/wp-content\/uploads\/2022\/09\/des_sostent-1-300x200.jpg\" alt=\"\"\/><\/div><div class=\"uagb-ifb-title-wrap\"><h3 class=\"uagb-ifb-title\"> Cuidamos el medio ambiente <\/h3><\/div><p class=\"uagb-ifb-desc\"> Contamos con infraestructura cimentada en una filosof\u00eda de desarrollo tecnol\u00f3gico sustentable. <\/p><\/div><\/div>\n<\/div>\n\n\n\n<div class=\"wp-block-uagb-container uagb-block-3a2733e7\">\n<div class=\"wp-block-uagb-info-box uagb-block-5bee9e6a uagb-infobox__content-wrap  uagb-infobox-icon-above-title uagb-infobox-image-valign-top\"><div class=\"uagb-ifb-content\"><div class=\"uagb-ifb-image-content\"><img decoding=\"async\" src=\"https:\/\/catorceplus.com\/wp-content\/uploads\/2022\/09\/regalutiles-300x200.jpg\" alt=\"\"\/><\/div><div class=\"uagb-ifb-title-wrap\"><h3 class=\"uagb-ifb-title\"> Apoyo a la econom\u00eda <\/h3><\/div><p class=\"uagb-ifb-desc\"> Realizamos programas que aporten a su econom\u00eda, como entrega de \u00fatiles escolares. <\/p><\/div><\/div>\n<\/div>\n<\/div>\n<\/div><\/div>\n\n\n\n<div class=\"wp-block-uagb-container uagb-block-85c2d5e5 alignfull uagb-is-root-container\"><div class=\"uagb-container-inner-blocks-wrap\">\n<div class=\"wp-block-uagb-advanced-heading uagb-block-166d58b8\"><h2 class=\"uagb-heading-text\">\u00bfQu\u00e9 es CatorcePLUS?<\/h2><p class=\"uagb-desc-text\">Somos una empresa que brinda soluciones financieras a trav\u00e9s de micro pr\u00e9stamos, apoyamos la econom\u00eda de las familias e incentivamos la independencia econ\u00f3mica de mujeres emprendedoras.<\/p><\/div>\n<\/div><\/div>\n\n\n\n<div class=\"wp-block-uagb-container uagb-block-54b103cd alignfull uagb-is-root-container\"><div class=\"uagb-container-inner-blocks-wrap\">\n<div class=\"wp-block-uagb-advanced-heading uagb-block-302606b5\"><h2 class=\"uagb-heading-text\">Nuestra Visi\u00f3n<\/h2><\/div>\n\n\n\n<div class=\"wp-block-uagb-container uagb-block-0e9f7f09\">\n<div class=\"wp-block-uagb-container uagb-block-739e66b2\">\n<div class=\"wp-block-uagb-image uagb-block-7b3d99a7 wp-block-uagb-image--layout-default wp-block-uagb-image--effect-static wp-block-uagb-image--align-center\"><figure class=\"wp-block-uagb-image__figure\"><img decoding=\"async\" srcset=\"https:\/\/catorceplus.com\/wp-content\/uploads\/2022\/09\/madreTrabajadora-Circle1.jpg , https:\/\/catorceplus.com\/wp-content\/uploads\/2019\/06\/manager-free-img.png 360w\" src=\"https:\/\/catorceplus.com\/wp-content\/uploads\/2022\/09\/madreTrabajadora-Circle1.jpg\" alt=\"\" class=\"uag-image-26469\" width=\"\" height=\"\" title=\"\"\/><\/figure><\/div>\n\n\n\n<div class=\"wp-block-uagb-advanced-heading uagb-block-6c2cadbc\"><\/div>\n<\/div>\n\n\n\n<div class=\"wp-block-uagb-container uagb-block-47f6e857\"><div class=\"wp-block-uagb-faq uagb-faq__outer-wrap uagb-block-25b87f84 uagb-faq-icon-row uagb-faq-layout-accordion uagb-faq-expand-first-true uagb-faq-inactive-other-true uagb-faq__wrap uagb-buttons-layout-wrap uagb-faq-equal-height     \" data-faqtoggle=\"true\" role=\"tablist\"><div class=\"wp-block-uagb-faq-child uagb-faq-child__outer-wrap uagb-faq-item uagb-block-2c82435e \" role=\"tab\" tabindex=\"0\"><div class=\"uagb-faq-questions-button uagb-faq-questions\">\t\t\t<span class=\"uagb-icon uagb-faq-icon-wrap\">\n\t\t\t\t\t\t\t\t<svg xmlns=\"https:\/\/www.w3.org\/2000\/svg\" viewBox= \"0 0 256 512\"><path d=\"M118.6 105.4l128 127.1C252.9 239.6 256 247.8 256 255.1s-3.125 16.38-9.375 22.63l-128 127.1c-9.156 9.156-22.91 11.9-34.88 6.943S64 396.9 64 383.1V128c0-12.94 7.781-24.62 19.75-29.58S109.5 96.23 118.6 105.4z\"><\/path><\/svg>\n\t\t\t\t\t\t\t<\/span>\n\t\t\t\t\t\t<span class=\"uagb-icon-active uagb-faq-icon-wrap\">\n\t\t\t\t\t\t\t\t<svg xmlns=\"https:\/\/www.w3.org\/2000\/svg\" viewBox= \"0 0 320 512\"><path d=\"M310.6 246.6l-127.1 128C176.4 380.9 168.2 384 160 384s-16.38-3.125-22.63-9.375l-127.1-128C.2244 237.5-2.516 223.7 2.438 211.8S19.07 192 32 192h255.1c12.94 0 24.62 7.781 29.58 19.75S319.8 237.5 310.6 246.6z\"><\/path><\/svg>\n\t\t\t\t\t\t\t<\/span>\n\t\t\t<p class=\"uagb-question\">VISI\u00d3N<\/p><\/div><div class=\"uagb-faq-content\"><p>\u201cBuscar la independencia econ\u00f3mica de mujeres trabajadoras de las comunidades rurales a nivel regional\u201c<\/p><\/div><\/div><div class=\"wp-block-uagb-faq-child uagb-faq-child__outer-wrap uagb-faq-item uagb-block-a5641d55 \" role=\"tab\" tabindex=\"0\"><div class=\"uagb-faq-questions-button uagb-faq-questions\">\t\t\t<span class=\"uagb-icon uagb-faq-icon-wrap\">\n\t\t\t\t\t\t\t\t<svg xmlns=\"https:\/\/www.w3.org\/2000\/svg\" viewBox= \"0 0 256 512\"><path d=\"M118.6 105.4l128 127.1C252.9 239.6 256 247.8 256 255.1s-3.125 16.38-9.375 22.63l-128 127.1c-9.156 9.156-22.91 11.9-34.88 6.943S64 396.9 64 383.1V128c0-12.94 7.781-24.62 19.75-29.58S109.5 96.23 118.6 105.4z\"><\/path><\/svg>\n\t\t\t\t\t\t\t<\/span>\n\t\t\t\t\t\t<span class=\"uagb-icon-active uagb-faq-icon-wrap\">\n\t\t\t\t\t\t\t\t<svg xmlns=\"https:\/\/www.w3.org\/2000\/svg\" viewBox= \"0 0 320 512\"><path d=\"M310.6 246.6l-127.1 128C176.4 380.9 168.2 384 160 384s-16.38-3.125-22.63-9.375l-127.1-128C.2244 237.5-2.516 223.7 2.438 211.8S19.07 192 32 192h255.1c12.94 0 24.62 7.781 29.58 19.75S319.8 237.5 310.6 246.6z\"><\/path><\/svg>\n\t\t\t\t\t\t\t<\/span>\n\t\t\t<p class=\"uagb-question\">MISI\u00d3N<\/p><\/div><div class=\"uagb-faq-content\"><p>Brindar soluciones financieras a trav\u00e9s de micropr\u00e9stamos personales. Estamos altamente comprometidos con nuestras emprendedoras, colaboradores y la sociedad<\/p><\/div><\/div><\/div><\/div>\n<\/div>\n<\/div><\/div>\n","protected":false},"excerpt":{"rendered":"<p>\u00bfQu\u00e9 es CatorcePLUS? Somos una empresa que brinda soluciones financieras a trav\u00e9s de micro pr\u00e9stamos, apoyamos la econom\u00eda de las familias e incentivamos la independencia econ\u00f3mica de mujeres emprendedoras. Nuestra Visi\u00f3n<\/p>\n","protected":false},"author":1,"featured_media":0,"parent":0,"menu_order":0,"comment_status":"closed","ping_status":"closed","template":"","meta":{"om_disable_all_campaigns":false,"_uag_custom_page_level_css":"","_monsterinsights_skip_tracking":false,"_monsterinsights_sitenote_active":false,"_monsterinsights_sitenote_note":"","_monsterinsights_sitenote_category":0,"site-sidebar-layout":"no-sidebar","site-content-layout":"plain-container","ast-site-content-layout":"default","site-content-style":"default","site-sidebar-style":"default","ast-global-header-display":"","ast-banner-title-visibility":"","ast-main-header-display":"","ast-hfb-above-header-display":"","ast-hfb-below-header-display":"","ast-hfb-mobile-header-display":"","site-post-title":"disabled","ast-breadcrumbs-content":"","ast-featured-img":"disabled","footer-sml-layout":"","ast-disable-related-posts":"","theme-transparent-header-meta":"enabled","adv-header-id-meta":"","stick-header-meta":"","header-above-stick-meta":"","header-main-stick-meta":"","header-below-stick-meta":"","astra-migrate-meta-layouts":"default","ast-page-background-enabled":"default","ast-page-background-meta":{"desktop":{"background-color":"","background-image":"","background-repeat":"repeat","background-position":"center center","background-size":"auto","background-attachment":"scroll","background-type":"","background-media":"","overlay-type":"","overlay-color":"","overlay-opacity":"","overlay-gradient":""},"tablet":{"background-color":"","background-image":"","background-repeat":"repeat","background-position":"center center","background-size":"auto","background-attachment":"scroll","background-type":"","background-media":"","overlay-type":"","overlay-color":"","overlay-opacity":"","overlay-gradient":""},"mobile":{"background-color":"","background-image":"","background-repeat":"repeat","background-position":"center center","background-size":"auto","background-attachment":"scroll","background-type":"","background-media":"","overlay-type":"","overlay-color":"","overlay-opacity":"","overlay-gradient":""}},"ast-content-background-meta":{"desktop":{"background-color":"var(--ast-global-color-5)","background-image":"","background-repeat":"repeat","background-position":"center center","background-size":"auto","background-attachment":"scroll","background-type":"","background-media":"","overlay-type":"","overlay-color":"","overlay-opacity":"","overlay-gradient":""},"tablet":{"background-color":"var(--ast-global-color-5)","background-image":"","background-repeat":"repeat","background-position":"center center","background-size":"auto","background-attachment":"scroll","background-type":"","background-media":"","overlay-type":"","overlay-color":"","overlay-opacity":"","overlay-gradient":""},"mobile":{"background-color":"var(--ast-global-color-5)","background-image":"","background-repeat":"repeat","background-position":"center center","background-size":"auto","background-attachment":"scroll","background-type":"","background-media":"","overlay-type":"","overlay-color":"","overlay-opacity":"","overlay-gradient":""}},"footnotes":""},"class_list":["post-25407","page","type-page","status-publish","hentry"],"aioseo_notices":[],"uagb_featured_image_src":{"full":false,"thumbnail":false,"medium":false,"medium_large":false,"large":false,"1536x1536":false,"2048x2048":false},"uagb_author_info":{"display_name":"admin.tec@catorce14.com.mx","author_link":"https:\/\/catorceplus.com\/?author=1"},"uagb_comment_info":0,"uagb_excerpt":"\u00bfQu\u00e9 es CatorcePLUS? Somos una empresa que brinda soluciones financieras a trav\u00e9s de micro pr\u00e9stamos, apoyamos la econom\u00eda de las familias e incentivamos la independencia econ\u00f3mica de mujeres emprendedoras. Nuestra Visi\u00f3n","_links":{"self":[{"href":"https:\/\/catorceplus.com\/index.php?rest_route=\/wp\/v2\/pages\/25407","targetHints":{"allow":["GET"]}}],"collection":[{"href":"https:\/\/catorceplus.com\/index.php?rest_route=\/wp\/v2\/pages"}],"about":[{"href":"https:\/\/catorceplus.com\/index.php?rest_route=\/wp\/v2\/types\/page"}],"author":[{"embeddable":true,"href":"https:\/\/catorceplus.com\/index.php?rest_route=\/wp\/v2\/users\/1"}],"replies":[{"embeddable":true,"href":"https:\/\/catorceplus.com\/index.php?rest_route=%2Fwp%2Fv2%2Fcomments&post=25407"}],"version-history":[{"count":10,"href":"https:\/\/catorceplus.com\/index.php?rest_route=\/wp\/v2\/pages\/25407\/revisions"}],"predecessor-version":[{"id":26492,"href":"https:\/\/catorceplus.com\/index.php?rest_route=\/wp\/v2\/pages\/25407\/revisions\/26492"}],"wp:attachment":[{"href":"https:\/\/catorceplus.com\/index.php?rest_route=%2Fwp%2Fv2%2Fmedia&parent=25407"}],"curies":[{"name":"wp","href":"https:\/\/api.w.org\/{rel}","templated":true}]}}